{"id":28,"date":"2010-03-21T17:48:51","date_gmt":"2010-03-21T16:48:51","guid":{"rendered":"http:\/\/www.psa.org.pl\/?page_id=28"},"modified":"2010-04-26T17:17:21","modified_gmt":"2010-04-26T16:17:21","slug":"agroturystyka","status":"publish","type":"page","link":"http:\/\/www.psa.org.pl\/index.php\/agroturystyka\/","title":{"rendered":"Agroturystyka"},"content":{"rendered":"<p><strong>Agroturystyka               to coraz wa\u017cniejsza dziedzina dla  przysz\u0142o\u015bci wsi i  zdrowia               przemys\u0142owych miast. Jej rozw\u00f3j  to szansa sektora us\u0142ug,  nowe               miejsca pracy, przysz\u0142o\u015b\u0107 w  nowoczesnej Europie. Terenem turystyki i wypoczynku mo\u017ce by\u0107 ka\u017cda przestrze\u0144                niezagro\u017cona ekologicznie.<\/strong><\/p>\n<p>Krajobraz               dzia\u0142a na ludzi r\u00f3\u017cnorodnie, ka\u017cdy z nas  wybiera sobie               z niego co\u015b innego, co\u015b innego nas w nim  zachwyca,               interesuje. Pola, lasy, parki, ogrody, rzeki,  stawy,  mokrad\u0142a,               kana\u0142y\u00a0 i zabudowa, wsie, zagrody,  m\u0142yny, drogi, miejsca               kultu (kapliczki, cmentarze), a  nawet mosty, zapory czy  linie               kolejowe maj\u0105 sw\u00f3j  niepowtarzalny urok. Kompozycja  wszystkich               tych element\u00f3w  jest jedyna i niespotykana, skomponowana  tak, jak               j\u0105  poprzednie pokolenia urz\u0105dza\u0142y.<\/p>\n<p>Dla               ludzi, kt\u00f3rzy decyduj\u0105 si\u0119 sp\u0119dzi\u0107 urlop na wsi,   najwa\u017cniejsze               s\u0105 nie tyko wygody lecz inne warto\u015bci. Chc\u0105  oni pozna\u0107  teren               swego wypoczynku, jego mieszka\u0144c\u00f3w,  spos\u00f3b ich \u017cycia,  obyczaje               i kultur\u0119. Nie obawiajmy si\u0119,  \u017ce na \u015bwiadczenie tych us\u0142ug               potrzebne s\u0105 du\u017ce i kosztowne  inwestycje. Bardziej ni\u017c               inwestycje w \u015bwiadczeniu us\u0142ug  agroturystycznych znaczenie  maj\u0105               inne warto\u015bci. Do takich  mo\u017cna zaliczy\u0107 oferowanie  regionalnych               rodzinnych  potraw, wsp\u00f3lne wycieczki, zwiedzanie  okolicznych                zabytk\u00f3w czy zbieranie grzyb\u00f3w.<\/p>\n<p><img loading=\"lazy\" decoding=\"async\" class=\"alignnone\" src=\"http:\/\/www.psa.org.pl\/pliki\/2010\/03\/psa_04.png\" alt=\"\" width=\"980\" height=\"210\" \/><\/p>\n<p><strong>Wszelkie informacje\u00a0na temat\u00a0kwater,  mo\u017cliwo\u015bci\u00a0wypoczynku\u00a0na   podlaskiej wsi, atrakcji\u00a0turystycznych,\u00a0uzyska\u0107  mo\u017cna\u00a0w dziale \u201c<a href=\"http:\/\/www.psa.org.pl\/?cat=3\">Kwatery  Agroturystyczne<\/a>\u201d.<\/strong><\/p>\n","protected":false},"excerpt":{"rendered":"<p>Agroturystyka to coraz wa\u017cniejsza dziedzina dla przysz\u0142o\u015bci wsi i zdrowia przemys\u0142owych miast. Jej rozw\u00f3j to szansa sektora us\u0142ug, nowe miejsca pracy, przysz\u0142o\u015b\u0107 w nowoczesnej Europie. Terenem turystyki i wypoczynku mo\u017ce by\u0107 ka\u017cda przestrze\u0144 niezagro\u017cona ekologicznie. Krajobraz dzia\u0142a na ludzi r\u00f3\u017cnorodnie, ka\u017cdy z nas wybiera sobie z niego co\u015b innego, co\u015b innego nas w nim zachwyca, [&hellip;]<\/p>\n","protected":false},"author":1,"featured_media":0,"parent":0,"menu_order":2,"comment_status":"closed","ping_status":"closed","template":"","meta":{"footnotes":""},"class_list":["post-28","page","type-page","status-publish","hentry"],"_links":{"self":[{"href":"http:\/\/www.psa.org.pl\/index.php\/wp-json\/wp\/v2\/pages\/28","targetHints":{"allow":["GET"]}}],"collection":[{"href":"http:\/\/www.psa.org.pl\/index.php\/wp-json\/wp\/v2\/pages"}],"about":[{"href":"http:\/\/www.psa.org.pl\/index.php\/wp-json\/wp\/v2\/types\/page"}],"author":[{"embeddable":true,"href":"http:\/\/www.psa.org.pl\/index.php\/wp-json\/wp\/v2\/users\/1"}],"replies":[{"embeddable":true,"href":"http:\/\/www.psa.org.pl\/index.php\/wp-json\/wp\/v2\/comments?post=28"}],"version-history":[{"count":7,"href":"http:\/\/www.psa.org.pl\/index.php\/wp-json\/wp\/v2\/pages\/28\/revisions"}],"predecessor-version":[{"id":538,"href":"http:\/\/www.psa.org.pl\/index.php\/wp-json\/wp\/v2\/pages\/28\/revisions\/538"}],"wp:attachment":[{"href":"http:\/\/www.psa.org.pl\/index.php\/wp-json\/wp\/v2\/media?parent=28"}],"curies":[{"name":"wp","href":"https:\/\/api.w.org\/{rel}","templated":true}]}}